{"id":286,"date":"2026-01-27T22:41:24","date_gmt":"2026-01-27T22:41:24","guid":{"rendered":"https:\/\/arequipa2.funky.company\/?page_id=286"},"modified":"2026-01-27T22:42:51","modified_gmt":"2026-01-27T22:42:51","slug":"aviso-de-privacidad","status":"publish","type":"page","link":"https:\/\/arequipaconventionbureau.com\/en\/aviso-de-privacidad\/","title":{"rendered":"Aviso de privacidad"},"content":{"rendered":"<style>.elementor-286 .elementor-element.elementor-element-89d5064{--display:flex;--flex-direction:column;--container-widget-width:100%;--container-widget-height:initial;--container-widget-flex-grow:0;--container-widget-align-self:initial;--flex-wrap-mobile:wrap;--margin-top:0px;--margin-bottom:0px;--margin-left:0px;--margin-right:0px;--padding-top:200px;--padding-bottom:100px;--padding-left:0px;--padding-right:0px;}.elementor-286 .elementor-element.elementor-element-89d5064:not(.elementor-motion-effects-element-type-background), .elementor-286 .elementor-element.elementor-element-89d5064 > .elementor-motion-effects-container > .elementor-motion-effects-layer{background-image:url(\"https:\/\/arequipaconventionbureau.com\/wp-content\/uploads\/2026\/01\/pexels-renso-villarreal-2152599962-33691461-scaled.jpg\");}.elementor-286 .elementor-element.elementor-element-5ad00bb{text-align:center;}.elementor-286 .elementor-element.elementor-element-5ad00bb .elementor-heading-title{color:#FFFFFF;}.elementor-286 .elementor-element.elementor-element-82e5148{--display:flex;--flex-direction:column;--container-widget-width:100%;--container-widget-height:initial;--container-widget-flex-grow:0;--container-widget-align-self:initial;--flex-wrap-mobile:wrap;}.elementor-286 .elementor-element.elementor-element-d47d732{margin:50px 0px calc(var(--kit-widget-spacing, 0px) + 0px) 0px;}<\/style>\t\t<div data-elementor-type=\"wp-page\" data-elementor-id=\"286\" class=\"elementor elementor-286\" data-elementor-post-type=\"page\">\n\t\t\t\t<div class=\"elementor-element elementor-element-89d5064 e-flex e-con-boxed wpr-particle-no wpr-jarallax-no wpr-parallax-no wpr-sticky-section-no e-con e-parent\" data-id=\"89d5064\" data-element_type=\"container\" data-e-type=\"container\" data-settings=\"{&quot;background_background&quot;:&quot;classic&quot;}\">\n\t\t\t\t\t<div class=\"e-con-inner\">\n\t\t\t\t<div class=\"elementor-element elementor-element-5ad00bb elementor-widget elementor-widget-heading\" data-id=\"5ad00bb\" data-element_type=\"widget\" data-e-type=\"widget\" data-widget_type=\"heading.default\">\n\t\t\t\t\t<h2 class=\"elementor-heading-title elementor-size-default\">AVISO DE PRIVACIDAD\n<\/h2>\t\t\t\t<\/div>\n\t\t\t\t\t<\/div>\n\t\t\t\t<\/div>\n\t\t<div class=\"elementor-element elementor-element-82e5148 e-flex e-con-boxed wpr-particle-no wpr-jarallax-no wpr-parallax-no wpr-sticky-section-no e-con e-parent\" data-id=\"82e5148\" data-element_type=\"container\" data-e-type=\"container\">\n\t\t\t\t\t<div class=\"e-con-inner\">\n\t\t\t\t<div class=\"elementor-element elementor-element-d47d732 elementor-widget elementor-widget-text-editor\" data-id=\"d47d732\" data-element_type=\"widget\" data-e-type=\"widget\" data-widget_type=\"text-editor.default\">\n\t\t\t\t\t\t\t\t\t<ol><li><b> INTRODUCCI\u00d3N <\/b><span style=\"font-weight: 400;\">En el Arequipa Convention Bureau (en adelante, \u00abACB\u00bb), valoramos la confianza de nuestros usuarios y asociados. Por ello, cumplimos estrictamente con la Ley N\u00b0 29733, Ley de Protecci\u00f3n de Datos Personales, y su Reglamento, asegurando la confidencialidad y seguridad de la informaci\u00f3n que se nos proporciona.<\/span><\/li><li><b> IDENTIDAD Y DOMICILIO DEL RESPONSABLE <\/b><span style=\"font-weight: 400;\">El responsable del tratamiento de sus datos personales es el ACB, con domicilio legal en <\/span><span style=\"font-weight: 400;\">CAL.SAN PEDRO NRO. 139 URB. CERCADO AREQUIPA &#8211; AREQUIPA &#8211; AREQUIPA.<\/span><\/li><li><b> FINALIDAD DEL TRATAMIENTO <\/b><span style=\"font-weight: 400;\">Los datos personales que usted nos facilite a trav\u00e9s de nuestros formularios web, correos electr\u00f3nicos o contacto directo, ser\u00e1n utilizados por ACB para las siguientes finalidades:<\/span><\/li><\/ol><ul><li style=\"font-weight: 400;\" aria-level=\"1\"><span style=\"font-weight: 400;\">Atender consultas, solicitudes de informaci\u00f3n y cotizaciones para la organizaci\u00f3n de eventos en la ciudad de Arequipa.<\/span><\/li><li style=\"font-weight: 400;\" aria-level=\"1\"><span style=\"font-weight: 400;\">Mantener una base de datos de organizadores de eventos, proveedores y aliados estrat\u00e9gicos.<\/span><\/li><li style=\"font-weight: 400;\" aria-level=\"1\"><span style=\"font-weight: 400;\">Env\u00edo de noticias, boletines informativos (newsletter) y actualizaciones sobre el sector MICE.<\/span><\/li><li style=\"font-weight: 400;\" aria-level=\"1\"><span style=\"font-weight: 400;\">Gesti\u00f3n de inscripciones para ferias, congresos o eventos organizados por ACB.<\/span><\/li><\/ul><ol start=\"4\"><li><b> DATOS PERSONALES REQUERIDOS <\/b><span style=\"font-weight: 400;\">Para cumplir con las finalidades mencionadas, ACB podr\u00e1 solicitar: nombres y apellidos, documento de identidad, correo electr\u00f3nico, n\u00famero de tel\u00e9fono, cargo y nombre de la empresa o instituci\u00f3n.<\/span><\/li><li><b> CONSENTIMIENTO Y TRANSFERENCIA A TERCEROS <\/b><span style=\"font-weight: 400;\">Al proporcionarnos sus datos, usted otorga su consentimiento libre y expreso. ACB podr\u00e1 compartir su informaci\u00f3n con sus socios estrat\u00e9gicos (hoteles, centros de convenciones, operadores tur\u00edsticos) \u00fanicamente cuando sea necesario para cumplir con un servicio solicitado por usted.<\/span><\/li><li><b> TIEMPO DE CONSERVACI\u00d3N <\/b><span style=\"font-weight: 400;\">Sus datos personales ser\u00e1n conservados por ACB mientras sean necesarios para la finalidad por la que fueron recopilados o hasta que usted solicite su supresi\u00f3n.<\/span><\/li><li><b> DERECHOS ARCO <\/b><span style=\"font-weight: 400;\">(Acceso, Rectificaci\u00f3n, Cancelaci\u00f3n y Oposici\u00f3n) Usted tiene derecho a conocer qu\u00e9 datos tiene ACB de usted, as\u00ed como a actualizarlos o pedir que los eliminemos. Para ejercer estos derechos, puede enviar una solicitud a:<\/span><\/li><\/ol><ul><li style=\"font-weight: 400;\" aria-level=\"1\"><span style=\"font-weight: 400;\">Correo electr\u00f3nico: [Insertar correo de contacto]<\/span><\/li><\/ul><ul><li style=\"font-weight: 400;\" aria-level=\"1\"><span style=\"font-weight: 400;\">Asunto: Derechos ARCO &#8211; Datos Personales.<\/span><\/li><\/ul><ol start=\"8\"><li><b> MODIFICACIONES ACB <\/b><span style=\"font-weight: 400;\">se reserva el derecho de modificar esta pol\u00edtica para adaptarla a novedades legislativas. Cualquier cambio ser\u00e1 publicado oportunamente en esta misma p\u00e1gina web.<\/span><\/li><\/ol>\t\t\t\t\t\t\t\t<\/div>\n\t\t\t\t\t<\/div>\n\t\t\t\t<\/div>\n\t\t\t\t<\/div>\n\t\t","protected":false},"excerpt":{"rendered":"<p>AVISO DE PRIVACIDAD INTRODUCCI\u00d3N En el Arequipa Convention Bureau (en adelante, \u00abACB\u00bb), valoramos la confianza de nuestros usuarios y asociados. Por ello, cumplimos estrictamente con la Ley N\u00b0 29733, Ley de Protecci\u00f3n de Datos Personales, y su Reglamento, asegurando la confidencialidad y seguridad de la informaci\u00f3n que se nos proporciona. IDENTIDAD Y DOMICILIO DEL RESPONSABLE El responsable del tratamiento de sus datos personales es el ACB, con domicilio legal en CAL.SAN PEDRO NRO. 139 URB. CERCADO AREQUIPA &#8211; AREQUIPA &#8211; AREQUIPA. FINALIDAD DEL TRATAMIENTO Los datos personales que usted nos facilite a trav\u00e9s de nuestros formularios web, correos electr\u00f3nicos o contacto directo, ser\u00e1n utilizados por ACB para las siguientes finalidades: Atender consultas, solicitudes de informaci\u00f3n y cotizaciones para la organizaci\u00f3n de eventos en la ciudad de Arequipa. Mantener una base de datos de organizadores de eventos, proveedores y aliados estrat\u00e9gicos. Env\u00edo de noticias, boletines informativos (newsletter) y actualizaciones sobre el sector MICE. Gesti\u00f3n de inscripciones para ferias, congresos o eventos organizados por ACB. DATOS PERSONALES REQUERIDOS Para cumplir con las finalidades mencionadas, ACB podr\u00e1 solicitar: nombres y apellidos, documento de identidad, correo electr\u00f3nico, n\u00famero de tel\u00e9fono, cargo y nombre de la empresa o instituci\u00f3n. CONSENTIMIENTO Y TRANSFERENCIA A TERCEROS Al proporcionarnos sus datos, usted otorga su consentimiento libre y expreso. ACB podr\u00e1 compartir su informaci\u00f3n con sus socios estrat\u00e9gicos (hoteles, centros de convenciones, operadores tur\u00edsticos) \u00fanicamente cuando sea necesario para cumplir con un servicio solicitado por usted. TIEMPO DE CONSERVACI\u00d3N Sus datos personales ser\u00e1n conservados por ACB mientras sean necesarios para la finalidad por la que fueron recopilados o hasta que usted solicite su supresi\u00f3n. DERECHOS ARCO (Acceso, Rectificaci\u00f3n, Cancelaci\u00f3n y Oposici\u00f3n) Usted tiene derecho a conocer qu\u00e9 datos tiene ACB de usted, as\u00ed como a actualizarlos o pedir que los eliminemos. Para ejercer estos derechos, puede enviar una solicitud a: Correo electr\u00f3nico: [Insertar correo de contacto] Asunto: Derechos ARCO &#8211; Datos Personales. MODIFICACIONES ACB se reserva el derecho de modificar esta pol\u00edtica para adaptarla a novedades legislativas. Cualquier cambio ser\u00e1 publicado oportunamente en esta misma p\u00e1gina web.<\/p>\n","protected":false},"author":1,"featured_media":0,"parent":0,"menu_order":0,"comment_status":"closed","ping_status":"closed","template":"elementor_header_footer","meta":{"footnotes":""},"class_list":["post-286","page","type-page","status-publish","hentry"],"_hostinger_reach_plugin_has_subscription_block":false,"_hostinger_reach_plugin_is_elementor":false,"_links":{"self":[{"href":"https:\/\/arequipaconventionbureau.com\/en\/wp-json\/wp\/v2\/pages\/286","targetHints":{"allow":["GET"]}}],"collection":[{"href":"https:\/\/arequipaconventionbureau.com\/en\/wp-json\/wp\/v2\/pages"}],"about":[{"href":"https:\/\/arequipaconventionbureau.com\/en\/wp-json\/wp\/v2\/types\/page"}],"author":[{"embeddable":true,"href":"https:\/\/arequipaconventionbureau.com\/en\/wp-json\/wp\/v2\/users\/1"}],"replies":[{"embeddable":true,"href":"https:\/\/arequipaconventionbureau.com\/en\/wp-json\/wp\/v2\/comments?post=286"}],"version-history":[{"count":4,"href":"https:\/\/arequipaconventionbureau.com\/en\/wp-json\/wp\/v2\/pages\/286\/revisions"}],"predecessor-version":[{"id":290,"href":"https:\/\/arequipaconventionbureau.com\/en\/wp-json\/wp\/v2\/pages\/286\/revisions\/290"}],"wp:attachment":[{"href":"https:\/\/arequipaconventionbureau.com\/en\/wp-json\/wp\/v2\/media?parent=286"}],"curies":[{"name":"wp","href":"https:\/\/api.w.org\/{rel}","templated":true}]}}